{"id":512,"date":"2017-06-09T09:22:08","date_gmt":"2017-06-09T09:22:08","guid":{"rendered":"http:\/\/localhost\/construct\/?page_id=512"},"modified":"2023-11-29T09:12:41","modified_gmt":"2023-11-29T09:12:41","slug":"urunlerimiz","status":"publish","type":"page","link":"https:\/\/kuzeypergola.com\/index.php\/urunlerimiz\/","title":{"rendered":"\u00dcr\u00fcnlerimiz"},"content":{"rendered":"<div class=\"wpb-content-wrapper\"><p>[vc_row fullwidth=&#8221;yes&#8221; css=&#8221;.vc_custom_1497000279103{padding-top: 70px !important;padding-right: 15px !important;padding-bottom: 80px !important;padding-left: 15px !important;}&#8221;][vc_column]\n    <h2 class=\"text-center\" >\u00dcR\u00dcNLER\u0130M\u0130Z<\/h2>\n    \t    <div class=\"wprt-lines style-2 custom-1\">\n\t        <div class=\"line-1\"><\/div>\n\t    <\/div>\n    \n    \t    <div class=\"wprt-spacer\" data-desktop=\"36\" data-mobi=\"30\" data-smobi=\"30\"><\/div>\n\t    <div class=\"wprt-subtitle \">Kal\u0131c\u0131, estetik ve minimalist bir \u00e7aban\u0131n \u00fcr\u00fcn\u00fc olan Kuzey Pergola; pergola, tente ve cam sistemlerini ihtiya\u00e7lar\u0131n\u0131za y\u00f6nelik \u015fekilde yeniden tasarlamakta ve mevsimsel sorunlara \u00e7\u00f6z\u00fcm \u00fcretmektedir.<\/div>\n\t    \t\n[vc_empty_space height=&#8221;43px&#8221;]\n\t<div class=\"wprt-project\" data-layout=\"grid\" data-column=\"4\" data-column2=\"3\" data-column3=\"2\" data-column4=\"1\" data-gaph=\"15\" data-gapv=\"15\">\n\t\t\t\t<div id=\"project-filter\">\n\t\t\t<div data-filter=\"*\" class=\"cbp-filter-item\"><span>T\u00fcm\u00fc<\/span><\/div>\t\t\t\t    \t<div data-filter=\".biyo-klimatik\" class=\"cbp-filter-item\">\n\t    \t\t<span>Biyo Klimatik<\/span>\n\t    \t<\/div>\n\t    \t\t    \t<div data-filter=\".cam-tavan\" class=\"cbp-filter-item\">\n\t    \t\t<span>Cam Tavan<\/span>\n\t    \t<\/div>\n\t    \t\t    \t<div data-filter=\".giyotin-cam\" class=\"cbp-filter-item\">\n\t    \t\t<span>Giyotin Cam<\/span>\n\t    \t<\/div>\n\t    \t\t    \t<div data-filter=\".koruklu-tente\" class=\"cbp-filter-item\">\n\t    \t\t<span>K\u00f6r\u00fckl\u00fc Tente<\/span>\n\t    \t<\/div>\n\t    \t\t    \t<div data-filter=\".mafsalli-tente\" class=\"cbp-filter-item\">\n\t    \t\t<span>Mafsall\u0131 Tente<\/span>\n\t    \t<\/div>\n\t    \t\t    \t<div data-filter=\".pergola-tente\" class=\"cbp-filter-item\">\n\t    \t\t<span>Pergola Tente<\/span>\n\t    \t<\/div>\n\t    \t\t    \t<div data-filter=\".rolling-roof\" class=\"cbp-filter-item\">\n\t    \t\t<span>Rolling Roof<\/span>\n\t    \t<\/div>\n\t    \t\t    \t<div data-filter=\".surme-cam\" class=\"cbp-filter-item\">\n\t    \t\t<span>S\u00fcrme Cam (Is\u0131caml\u0131)<\/span>\n\t    \t<\/div>\n\t    \t\t    \t<div data-filter=\".zip-perde\" class=\"cbp-filter-item\">\n\t    \t\t<span>Zip Perde<\/span>\n\t    \t<\/div>\n\t    \t\t\t<\/div>\n\t\t\t\t<div id=\"projects\" class=\"cbp\">\n\t\t\t\t\t\t<div class=\"cbp-item pergola-tente \">\n                <div class=\"project-item\">\n                    <div class=\"inner\">\n                        <div class=\"grid\">\n                        <figure class=\"effect-zoe\">\n                        \t<a class=\"link\" href=\"https:\/\/kuzeypergola.com\/index.php\/portfolio\/pergola-tente\/\"><\/a>\n                            <a href=\"https:\/\/kuzeypergola.com\/index.php\/portfolio\/pergola-tente\/\"><img loading=\"lazy\" decoding=\"async\" width=\"530\" height=\"530\" src=\"https:\/\/kuzeypergola.com\/wp-content\/uploads\/2017\/04\/pergola.png\" class=\"attachment-post-thumbnail size-post-thumbnail wp-post-image\" alt=\"\" srcset=\"https:\/\/kuzeypergola.com\/wp-content\/uploads\/2017\/04\/pergola.png 530w, https:\/\/kuzeypergola.com\/wp-content\/uploads\/2017\/04\/pergola-300x300.png 300w, https:\/\/kuzeypergola.com\/wp-content\/uploads\/2017\/04\/pergola-150x150.png 150w\" sizes=\"(max-width: 530px) 100vw, 530px\" \/><\/a>\n                            <figcaption>\n                                <div>\n                                    <h2><a href=\"https:\/\/kuzeypergola.com\/index.php\/portfolio\/pergola-tente\/\">PERGOLA TENTE<\/a><\/h2>\n                                    <p>Pergola Tente<span>, <\/span><\/p>\n                                <\/div>\n                            <\/figcaption>           \n                        <\/figure>\n                        <\/div>\n\n                         <a class=\"project-zoom cbp-lightbox\" href=\"https:\/\/kuzeypergola.com\/wp-content\/uploads\/2017\/04\/pergola.png\" data-title=\"PERGOLA TENTE\">\n                            <i class=\"fa fa-arrows-alt\"><\/i>\n                        <\/a>\n                    <\/div>\n                <\/div>\n            <\/div>\n            \t\t\t<div class=\"cbp-item biyo-klimatik \">\n                <div class=\"project-item\">\n                    <div class=\"inner\">\n                        <div class=\"grid\">\n                        <figure class=\"effect-honey\">\n                        \t<a class=\"link\" href=\"https:\/\/kuzeypergola.com\/index.php\/portfolio\/biyoklimatik\/\"><\/a>\n                            <a href=\"https:\/\/kuzeypergola.com\/index.php\/portfolio\/biyoklimatik\/\"><img loading=\"lazy\" decoding=\"async\" width=\"530\" height=\"530\" src=\"https:\/\/kuzeypergola.com\/wp-content\/uploads\/2017\/04\/biyoklimatik.png\" class=\"attachment-post-thumbnail size-post-thumbnail wp-post-image\" alt=\"\" srcset=\"https:\/\/kuzeypergola.com\/wp-content\/uploads\/2017\/04\/biyoklimatik.png 530w, https:\/\/kuzeypergola.com\/wp-content\/uploads\/2017\/04\/biyoklimatik-300x300.png 300w, https:\/\/kuzeypergola.com\/wp-content\/uploads\/2017\/04\/biyoklimatik-150x150.png 150w\" sizes=\"(max-width: 530px) 100vw, 530px\" \/><\/a>\n                            <figcaption>\n                                <div>\n                                    <h2><a href=\"https:\/\/kuzeypergola.com\/index.php\/portfolio\/biyoklimatik\/\">B\u0130YOKL\u0130MAT\u0130K<\/a><\/h2>\n                                    <p>Biyo Klimatik<span>, <\/span><\/p>\n                                <\/div>\n                            <\/figcaption>           \n                        <\/figure>\n                        <\/div>\n\n                         <a class=\"project-zoom cbp-lightbox\" href=\"https:\/\/kuzeypergola.com\/wp-content\/uploads\/2017\/04\/biyoklimatik.png\" data-title=\"B\u0130YOKL\u0130MAT\u0130K\">\n                            <i class=\"fa fa-arrows-alt\"><\/i>\n                        <\/a>\n                    <\/div>\n                <\/div>\n            <\/div>\n            \t\t\t<div class=\"cbp-item rolling-roof \">\n                <div class=\"project-item\">\n                    <div class=\"inner\">\n                        <div class=\"grid\">\n                        <figure class=\"effect-oscar\">\n                        \t<a class=\"link\" href=\"https:\/\/kuzeypergola.com\/index.php\/portfolio\/luxury-buildings-3\/\"><\/a>\n                            <a href=\"https:\/\/kuzeypergola.com\/index.php\/portfolio\/luxury-buildings-3\/\"><img loading=\"lazy\" decoding=\"async\" width=\"530\" height=\"530\" src=\"https:\/\/kuzeypergola.com\/wp-content\/uploads\/2017\/04\/rolling.png\" class=\"attachment-post-thumbnail size-post-thumbnail wp-post-image\" alt=\"\" srcset=\"https:\/\/kuzeypergola.com\/wp-content\/uploads\/2017\/04\/rolling.png 530w, https:\/\/kuzeypergola.com\/wp-content\/uploads\/2017\/04\/rolling-300x300.png 300w, https:\/\/kuzeypergola.com\/wp-content\/uploads\/2017\/04\/rolling-150x150.png 150w\" sizes=\"(max-width: 530px) 100vw, 530px\" \/><\/a>\n                            <figcaption>\n                                <div>\n                                    <h2><a href=\"https:\/\/kuzeypergola.com\/index.php\/portfolio\/luxury-buildings-3\/\">ROLL\u0130NG ROOF<\/a><\/h2>\n                                    <p>Rolling Roof<span>, <\/span><\/p>\n                                <\/div>\n                            <\/figcaption>           \n                        <\/figure>\n                        <\/div>\n\n                         <a class=\"project-zoom cbp-lightbox\" href=\"https:\/\/kuzeypergola.com\/wp-content\/uploads\/2017\/04\/rolling.png\" data-title=\"ROLL\u0130NG ROOF\">\n                            <i class=\"fa fa-arrows-alt\"><\/i>\n                        <\/a>\n                    <\/div>\n                <\/div>\n            <\/div>\n            \t\t\t<div class=\"cbp-item giyotin-cam \">\n                <div class=\"project-item\">\n                    <div class=\"inner\">\n                        <div class=\"grid\">\n                        <figure class=\"effect-sadie\">\n                        \t<a class=\"link\" href=\"https:\/\/kuzeypergola.com\/index.php\/portfolio\/luxury-buildings-4\/\"><\/a>\n                            <a href=\"https:\/\/kuzeypergola.com\/index.php\/portfolio\/luxury-buildings-4\/\"><img loading=\"lazy\" decoding=\"async\" width=\"530\" height=\"530\" src=\"https:\/\/kuzeypergola.com\/wp-content\/uploads\/2017\/03\/giyoti-cam.png\" class=\"attachment-post-thumbnail size-post-thumbnail wp-post-image\" alt=\"\" srcset=\"https:\/\/kuzeypergola.com\/wp-content\/uploads\/2017\/03\/giyoti-cam.png 530w, https:\/\/kuzeypergola.com\/wp-content\/uploads\/2017\/03\/giyoti-cam-300x300.png 300w, https:\/\/kuzeypergola.com\/wp-content\/uploads\/2017\/03\/giyoti-cam-150x150.png 150w\" sizes=\"(max-width: 530px) 100vw, 530px\" \/><\/a>\n                            <figcaption>\n                                <div>\n                                    <h2><a href=\"https:\/\/kuzeypergola.com\/index.php\/portfolio\/luxury-buildings-4\/\">G\u0130YOT\u0130N CAM<\/a><\/h2>\n                                    <p>Giyotin Cam<span>, <\/span><\/p>\n                                <\/div>\n                            <\/figcaption>           \n                        <\/figure>\n                        <\/div>\n\n                         <a class=\"project-zoom cbp-lightbox\" href=\"https:\/\/kuzeypergola.com\/wp-content\/uploads\/2017\/03\/giyoti-cam.png\" data-title=\"G\u0130YOT\u0130N CAM\">\n                            <i class=\"fa fa-arrows-alt\"><\/i>\n                        <\/a>\n                    <\/div>\n                <\/div>\n            <\/div>\n            \t\t\t<div class=\"cbp-item cam-tavan \">\n                <div class=\"project-item\">\n                    <div class=\"inner\">\n                        <div class=\"grid\">\n                        <figure class=\"effect-zoe\">\n                        \t<a class=\"link\" href=\"https:\/\/kuzeypergola.com\/index.php\/portfolio\/luxury-buildings-5\/\"><\/a>\n                            <a href=\"https:\/\/kuzeypergola.com\/index.php\/portfolio\/luxury-buildings-5\/\"><img loading=\"lazy\" decoding=\"async\" width=\"530\" height=\"530\" src=\"https:\/\/kuzeypergola.com\/wp-content\/uploads\/2017\/03\/cam-tavan.png\" class=\"attachment-post-thumbnail size-post-thumbnail wp-post-image\" alt=\"\" srcset=\"https:\/\/kuzeypergola.com\/wp-content\/uploads\/2017\/03\/cam-tavan.png 530w, https:\/\/kuzeypergola.com\/wp-content\/uploads\/2017\/03\/cam-tavan-300x300.png 300w, https:\/\/kuzeypergola.com\/wp-content\/uploads\/2017\/03\/cam-tavan-150x150.png 150w\" sizes=\"(max-width: 530px) 100vw, 530px\" \/><\/a>\n                            <figcaption>\n                                <div>\n                                    <h2><a href=\"https:\/\/kuzeypergola.com\/index.php\/portfolio\/luxury-buildings-5\/\">CAM TAVAN<\/a><\/h2>\n                                    <p>Cam Tavan<span>, <\/span><\/p>\n                                <\/div>\n                            <\/figcaption>           \n                        <\/figure>\n                        <\/div>\n\n                         <a class=\"project-zoom cbp-lightbox\" href=\"https:\/\/kuzeypergola.com\/wp-content\/uploads\/2017\/03\/cam-tavan.png\" data-title=\"CAM TAVAN\">\n                            <i class=\"fa fa-arrows-alt\"><\/i>\n                        <\/a>\n                    <\/div>\n                <\/div>\n            <\/div>\n            \t\t\t<div class=\"cbp-item surme-cam \">\n                <div class=\"project-item\">\n                    <div class=\"inner\">\n                        <div class=\"grid\">\n                        <figure class=\"effect-honey\">\n                        \t<a class=\"link\" href=\"https:\/\/kuzeypergola.com\/index.php\/portfolio\/luxury-buildings-6\/\"><\/a>\n                            <a href=\"https:\/\/kuzeypergola.com\/index.php\/portfolio\/luxury-buildings-6\/\"><img loading=\"lazy\" decoding=\"async\" width=\"530\" height=\"530\" src=\"https:\/\/kuzeypergola.com\/wp-content\/uploads\/2017\/03\/surme-cam.png\" class=\"attachment-post-thumbnail size-post-thumbnail wp-post-image\" alt=\"\" srcset=\"https:\/\/kuzeypergola.com\/wp-content\/uploads\/2017\/03\/surme-cam.png 530w, https:\/\/kuzeypergola.com\/wp-content\/uploads\/2017\/03\/surme-cam-300x300.png 300w, https:\/\/kuzeypergola.com\/wp-content\/uploads\/2017\/03\/surme-cam-150x150.png 150w\" sizes=\"(max-width: 530px) 100vw, 530px\" \/><\/a>\n                            <figcaption>\n                                <div>\n                                    <h2><a href=\"https:\/\/kuzeypergola.com\/index.php\/portfolio\/luxury-buildings-6\/\">S\u00dcRME CAM (Is\u0131caml\u0131)<\/a><\/h2>\n                                    <p>S\u00fcrme Cam (Is\u0131caml\u0131)<span>, <\/span><\/p>\n                                <\/div>\n                            <\/figcaption>           \n                        <\/figure>\n                        <\/div>\n\n                         <a class=\"project-zoom cbp-lightbox\" href=\"https:\/\/kuzeypergola.com\/wp-content\/uploads\/2017\/03\/surme-cam.png\" data-title=\"S\u00dcRME CAM (Is\u0131caml\u0131)\">\n                            <i class=\"fa fa-arrows-alt\"><\/i>\n                        <\/a>\n                    <\/div>\n                <\/div>\n            <\/div>\n            \t\t\t<div class=\"cbp-item zip-perde \">\n                <div class=\"project-item\">\n                    <div class=\"inner\">\n                        <div class=\"grid\">\n                        <figure class=\"effect-oscar\">\n                        \t<a class=\"link\" href=\"https:\/\/kuzeypergola.com\/index.php\/portfolio\/luxury-buildings-7\/\"><\/a>\n                            <a href=\"https:\/\/kuzeypergola.com\/index.php\/portfolio\/luxury-buildings-7\/\"><img loading=\"lazy\" decoding=\"async\" width=\"530\" height=\"530\" src=\"https:\/\/kuzeypergola.com\/wp-content\/uploads\/2017\/03\/zip-perde.png\" class=\"attachment-post-thumbnail size-post-thumbnail wp-post-image\" alt=\"\" srcset=\"https:\/\/kuzeypergola.com\/wp-content\/uploads\/2017\/03\/zip-perde.png 530w, https:\/\/kuzeypergola.com\/wp-content\/uploads\/2017\/03\/zip-perde-300x300.png 300w, https:\/\/kuzeypergola.com\/wp-content\/uploads\/2017\/03\/zip-perde-150x150.png 150w\" sizes=\"(max-width: 530px) 100vw, 530px\" \/><\/a>\n                            <figcaption>\n                                <div>\n                                    <h2><a href=\"https:\/\/kuzeypergola.com\/index.php\/portfolio\/luxury-buildings-7\/\">Z\u0130P PERDE<\/a><\/h2>\n                                    <p>Zip Perde<span>, <\/span><\/p>\n                                <\/div>\n                            <\/figcaption>           \n                        <\/figure>\n                        <\/div>\n\n                         <a class=\"project-zoom cbp-lightbox\" href=\"https:\/\/kuzeypergola.com\/wp-content\/uploads\/2017\/03\/zip-perde.png\" data-title=\"Z\u0130P PERDE\">\n                            <i class=\"fa fa-arrows-alt\"><\/i>\n                        <\/a>\n                    <\/div>\n                <\/div>\n            <\/div>\n            \t\t\t<div class=\"cbp-item mafsalli-tente \">\n                <div class=\"project-item\">\n                    <div class=\"inner\">\n                        <div class=\"grid\">\n                        <figure class=\"effect-sadie\">\n                        \t<a class=\"link\" href=\"https:\/\/kuzeypergola.com\/index.php\/portfolio\/luxury-buildings-8\/\"><\/a>\n                            <a href=\"https:\/\/kuzeypergola.com\/index.php\/portfolio\/luxury-buildings-8\/\"><img loading=\"lazy\" decoding=\"async\" width=\"530\" height=\"530\" src=\"https:\/\/kuzeypergola.com\/wp-content\/uploads\/2017\/03\/mafsalli-tente.png\" class=\"attachment-post-thumbnail size-post-thumbnail wp-post-image\" alt=\"\" srcset=\"https:\/\/kuzeypergola.com\/wp-content\/uploads\/2017\/03\/mafsalli-tente.png 530w, https:\/\/kuzeypergola.com\/wp-content\/uploads\/2017\/03\/mafsalli-tente-300x300.png 300w, https:\/\/kuzeypergola.com\/wp-content\/uploads\/2017\/03\/mafsalli-tente-150x150.png 150w\" sizes=\"(max-width: 530px) 100vw, 530px\" \/><\/a>\n                            <figcaption>\n                                <div>\n                                    <h2><a href=\"https:\/\/kuzeypergola.com\/index.php\/portfolio\/luxury-buildings-8\/\">MAFSALLI TENTE<\/a><\/h2>\n                                    <p>Mafsall\u0131 Tente<span>, <\/span><\/p>\n                                <\/div>\n                            <\/figcaption>           \n                        <\/figure>\n                        <\/div>\n\n                         <a class=\"project-zoom cbp-lightbox\" href=\"https:\/\/kuzeypergola.com\/wp-content\/uploads\/2017\/03\/mafsalli-tente.png\" data-title=\"MAFSALLI TENTE\">\n                            <i class=\"fa fa-arrows-alt\"><\/i>\n                        <\/a>\n                    <\/div>\n                <\/div>\n            <\/div>\n            \t\t\t<div class=\"cbp-item koruklu-tente \">\n                <div class=\"project-item\">\n                    <div class=\"inner\">\n                        <div class=\"grid\">\n                        <figure class=\"effect-zoe\">\n                        \t<a class=\"link\" href=\"https:\/\/kuzeypergola.com\/index.php\/portfolio\/luxury-buildings-9\/\"><\/a>\n                            <a href=\"https:\/\/kuzeypergola.com\/index.php\/portfolio\/luxury-buildings-9\/\"><img loading=\"lazy\" decoding=\"async\" width=\"530\" height=\"530\" src=\"https:\/\/kuzeypergola.com\/wp-content\/uploads\/2017\/03\/koruklu-tente.png\" class=\"attachment-post-thumbnail size-post-thumbnail wp-post-image\" alt=\"\" srcset=\"https:\/\/kuzeypergola.com\/wp-content\/uploads\/2017\/03\/koruklu-tente.png 530w, https:\/\/kuzeypergola.com\/wp-content\/uploads\/2017\/03\/koruklu-tente-300x300.png 300w, https:\/\/kuzeypergola.com\/wp-content\/uploads\/2017\/03\/koruklu-tente-150x150.png 150w\" sizes=\"(max-width: 530px) 100vw, 530px\" \/><\/a>\n                            <figcaption>\n                                <div>\n                                    <h2><a href=\"https:\/\/kuzeypergola.com\/index.php\/portfolio\/luxury-buildings-9\/\">K\u00d6R\u00dcKL\u00dc TENTE<\/a><\/h2>\n                                    <p>K\u00f6r\u00fckl\u00fc Tente<span>, <\/span><\/p>\n                                <\/div>\n                            <\/figcaption>           \n                        <\/figure>\n                        <\/div>\n\n                         <a class=\"project-zoom cbp-lightbox\" href=\"https:\/\/kuzeypergola.com\/wp-content\/uploads\/2017\/03\/koruklu-tente.png\" data-title=\"K\u00d6R\u00dcKL\u00dc TENTE\">\n                            <i class=\"fa fa-arrows-alt\"><\/i>\n                        <\/a>\n                    <\/div>\n                <\/div>\n            <\/div>\n            \t\t<\/div>\n\t<\/div>\n\n[\/vc_column][\/vc_row]<\/p>\n<\/div>","protected":false},"excerpt":{"rendered":"<p>[vc_row fullwidth=&#8221;yes&#8221; css=&#8221;.vc_custom_1497000279103{padding-top: 70px !important;padding-right: 15px !important;padding-bottom: 80px !important;padding-left: 15px !important;}&#8221;][vc_column][vc_empty_space height=&#8221;43px&#8221;][\/vc_column][\/vc_row]<\/p>\n","protected":false},"author":1,"featured_media":0,"parent":0,"menu_order":0,"comment_status":"closed","ping_status":"closed","template":"page-templates\/template-fullwidth.php","meta":{"om_disable_all_campaigns":false,"_mi_skip_tracking":false,"_monsterinsights_sitenote_active":false,"_monsterinsights_sitenote_note":"","_monsterinsights_sitenote_category":0,"footnotes":""},"aioseo_notices":[],"_links":{"self":[{"href":"https:\/\/kuzeypergola.com\/index.php\/wp-json\/wp\/v2\/pages\/512"}],"collection":[{"href":"https:\/\/kuzeypergola.com\/index.php\/wp-json\/wp\/v2\/pages"}],"about":[{"href":"https:\/\/kuzeypergola.com\/index.php\/wp-json\/wp\/v2\/types\/page"}],"author":[{"embeddable":true,"href":"https:\/\/kuzeypergola.com\/index.php\/wp-json\/wp\/v2\/users\/1"}],"replies":[{"embeddable":true,"href":"https:\/\/kuzeypergola.com\/index.php\/wp-json\/wp\/v2\/comments?post=512"}],"version-history":[{"count":5,"href":"https:\/\/kuzeypergola.com\/index.php\/wp-json\/wp\/v2\/pages\/512\/revisions"}],"predecessor-version":[{"id":1168,"href":"https:\/\/kuzeypergola.com\/index.php\/wp-json\/wp\/v2\/pages\/512\/revisions\/1168"}],"wp:attachment":[{"href":"https:\/\/kuzeypergola.com\/index.php\/wp-json\/wp\/v2\/media?parent=512"}],"curies":[{"name":"wp","href":"https:\/\/api.w.org\/{rel}","templated":true}]}}