{"id":657,"date":"2017-06-14T05:00:40","date_gmt":"2017-06-14T05:00:40","guid":{"rendered":"http:\/\/localhost\/construct\/?page_id=657"},"modified":"2023-11-11T20:42:34","modified_gmt":"2023-11-11T20:42:34","slug":"about-us-2","status":"publish","type":"page","link":"https:\/\/kuzeypergola.com\/index.php\/about-us-2\/","title":{"rendered":"Hakk\u0131m\u0131zda"},"content":{"rendered":"<div class=\"wpb-content-wrapper\"><p>[vc_row css=&#8221;.vc_custom_1497416090331{padding-top: 80px !important;padding-bottom: 80px !important;}&#8221;][vc_column offset=&#8221;vc_col-md-6&#8243;]\n    <h2 class=\"text-left\" >V\u0130ZYON & M\u0130SYON<\/h2>\n    \t    <div class=\"wprt-lines style-1 custom-3\">\n\t        <div class=\"line-1\"><\/div>\n\t    <\/div>\n    \n        \t\n[vc_column_text css=&#8221;.vc_custom_1699690511085{margin-top: 25px !important;margin-bottom: 25px !important;}&#8221;]Kuzey Pergola, d\u0131\u015f mekan ya\u015fam\u0131n\u0131z\u0131 d\u00f6n\u00fc\u015ft\u00fcrerek, estetik ve fonksiyonu bir araya getiren \u00e7\u00f6z\u00fcmler sunmay\u0131 vizyon edinmi\u015ftir. Mekanlar\u0131n\u0131zda yarat\u0131c\u0131 tasar\u0131mlar ve kaliteli malzeme kullan\u0131m\u0131 ile \u00f6ne \u00e7\u0131karak, m\u00fc\u015fterilerimize benzersiz bir deneyim sunmak hedefimizdir. Vizyonumuz, d\u0131\u015f mekanlar\u0131n\u0131z\u0131 sadece bir alan de\u011fil, ayn\u0131 zamanda duygu ve anlam y\u00fckl\u00fc birer ya\u015fam alan\u0131na d\u00f6n\u00fc\u015ft\u00fcrmektir.<\/p>\n<p>Kuzey Pergola, m\u00fc\u015fteri memnuniyetini en \u00fcst d\u00fczeye \u00e7\u0131karmak amac\u0131yla, kalite standartlar\u0131ndan \u00f6d\u00fcn vermeden \u00f6zelle\u015ftirilebilir, estetik ve dayan\u0131kl\u0131 pergola \u00e7\u00f6z\u00fcmleri sunmay\u0131 misyon edinmi\u015ftir. M\u00fc\u015fterilerimize sadece \u00fcr\u00fcn satmak de\u011fil, ayn\u0131 zamanda onlar\u0131n beklentilerini anlamak, \u00f6nerilerimize de\u011fer katmak ve en iyi d\u0131\u015f mekan ya\u015fam deneyimini sa\u011flamak i\u00e7in \u00e7al\u0131\u015f\u0131yoruz. Uzman ekibimiz ve yenilik\u00e7i yakla\u015f\u0131m\u0131m\u0131zla, m\u00fc\u015fterilerimizin hayallerini ger\u00e7e\u011fe d\u00f6n\u00fc\u015ft\u00fcrmek i\u00e7in s\u00fcrekli \u00e7aba g\u00f6steriyoruz. S\u00fcrd\u00fcr\u00fclebilirlik, g\u00fcvenilirlik ve m\u00fc\u015fteri odakl\u0131l\u0131k, Kuzey Pergola&#8217;n\u0131n temel de\u011ferleridir ve bu de\u011ferleri her ad\u0131mda koruyarak ilerlemeye devam ediyoruz.[\/vc_column_text][vc_row_inner][vc_column_inner width=&#8221;1\/3&#8243;]\n\t<div class=\"wprt-counter text-center  has-plus\">\n        <div class=\"number\" data-speed=\"5000\" data-to=\"3562\" data-in-viewport=\"yes\">3562<\/div>\n        <div class=\"text\">TAMAMLANAN PROJE<\/div>\n    <\/div>\n    \t\n[\/vc_column_inner][vc_column_inner width=&#8221;1\/3&#8243;]\n\t<div class=\"wprt-counter text-center  has-plus\">\n        <div class=\"number\" data-speed=\"5000\" data-to=\"1725\" data-in-viewport=\"yes\">1725<\/div>\n        <div class=\"text\">MEMNUN M\u00dc\u015eTER\u0130<\/div>\n    <\/div>\n    \t\n[\/vc_column_inner][\/vc_row_inner][vc_column_text]<\/p>\n<div class=\"wprt-spacer\" style=\"height: 0px;\" data-desktop=\"0\" data-mobi=\"35\" data-smobi=\"35\"><\/div>\n<p>[\/vc_column_text][\/vc_column][vc_column offset=&#8221;vc_col-md-6&#8243;]\t\n\t<div class=\"wprt-galleries galleries w-770px\" data-width=\"142\" data-margin=\"15\">\n        <div id=\"wprt-slider\" class=\"flexslider\">\n            <ul class=\"slides\">\n                \t                <li class=\"flex-active-slide\">\n\t                <a class=\"zoom\" href=\"https:\/\/kuzeypergola.com\/wp-content\/uploads\/2023\/11\/WhatsApp-Image-2023-11-06-at-11.55.42.jpeg\"><i class=\"fa fa-arrows-alt\"><\/i><\/a>\n\t                <img loading=\"lazy\" decoding=\"async\" width=\"1024\" height=\"768\" src=\"https:\/\/kuzeypergola.com\/wp-content\/uploads\/2023\/11\/WhatsApp-Image-2023-11-06-at-11.55.42.jpeg\" class=\"img-responsive\" alt=\"\" srcset=\"https:\/\/kuzeypergola.com\/wp-content\/uploads\/2023\/11\/WhatsApp-Image-2023-11-06-at-11.55.42.jpeg 1024w, https:\/\/kuzeypergola.com\/wp-content\/uploads\/2023\/11\/WhatsApp-Image-2023-11-06-at-11.55.42-300x225.jpeg 300w, https:\/\/kuzeypergola.com\/wp-content\/uploads\/2023\/11\/WhatsApp-Image-2023-11-06-at-11.55.42-768x576.jpeg 768w\" sizes=\"(max-width: 1024px) 100vw, 1024px\" \/>\t                <\/li>\n\t            \t                <li class=\"flex-active-slide\">\n\t                <a class=\"zoom\" href=\"https:\/\/kuzeypergola.com\/wp-content\/uploads\/2023\/11\/WhatsApp-Image-2023-11-06-at-11.55.42-8.jpeg\"><i class=\"fa fa-arrows-alt\"><\/i><\/a>\n\t                <img loading=\"lazy\" decoding=\"async\" width=\"1024\" height=\"768\" src=\"https:\/\/kuzeypergola.com\/wp-content\/uploads\/2023\/11\/WhatsApp-Image-2023-11-06-at-11.55.42-8.jpeg\" class=\"img-responsive\" alt=\"\" srcset=\"https:\/\/kuzeypergola.com\/wp-content\/uploads\/2023\/11\/WhatsApp-Image-2023-11-06-at-11.55.42-8.jpeg 1024w, https:\/\/kuzeypergola.com\/wp-content\/uploads\/2023\/11\/WhatsApp-Image-2023-11-06-at-11.55.42-8-300x225.jpeg 300w, https:\/\/kuzeypergola.com\/wp-content\/uploads\/2023\/11\/WhatsApp-Image-2023-11-06-at-11.55.42-8-768x576.jpeg 768w\" sizes=\"(max-width: 1024px) 100vw, 1024px\" \/>\t                <\/li>\n\t            \t                <li class=\"flex-active-slide\">\n\t                <a class=\"zoom\" href=\"https:\/\/kuzeypergola.com\/wp-content\/uploads\/2023\/11\/WhatsApp-Image-2023-11-06-at-11.55.42-4.jpeg\"><i class=\"fa fa-arrows-alt\"><\/i><\/a>\n\t                <img loading=\"lazy\" decoding=\"async\" width=\"1024\" height=\"768\" src=\"https:\/\/kuzeypergola.com\/wp-content\/uploads\/2023\/11\/WhatsApp-Image-2023-11-06-at-11.55.42-4.jpeg\" class=\"img-responsive\" alt=\"\" srcset=\"https:\/\/kuzeypergola.com\/wp-content\/uploads\/2023\/11\/WhatsApp-Image-2023-11-06-at-11.55.42-4.jpeg 1024w, https:\/\/kuzeypergola.com\/wp-content\/uploads\/2023\/11\/WhatsApp-Image-2023-11-06-at-11.55.42-4-300x225.jpeg 300w, https:\/\/kuzeypergola.com\/wp-content\/uploads\/2023\/11\/WhatsApp-Image-2023-11-06-at-11.55.42-4-768x576.jpeg 768w\" sizes=\"(max-width: 1024px) 100vw, 1024px\" \/>\t                <\/li>\n\t            \t                <li class=\"flex-active-slide\">\n\t                <a class=\"zoom\" href=\"https:\/\/kuzeypergola.com\/wp-content\/uploads\/2023\/11\/acilir-kapanir-pergola-1.jpeg\"><i class=\"fa fa-arrows-alt\"><\/i><\/a>\n\t                <img loading=\"lazy\" decoding=\"async\" width=\"1024\" height=\"768\" src=\"https:\/\/kuzeypergola.com\/wp-content\/uploads\/2023\/11\/acilir-kapanir-pergola-1.jpeg\" class=\"img-responsive\" alt=\"\" srcset=\"https:\/\/kuzeypergola.com\/wp-content\/uploads\/2023\/11\/acilir-kapanir-pergola-1.jpeg 1024w, https:\/\/kuzeypergola.com\/wp-content\/uploads\/2023\/11\/acilir-kapanir-pergola-1-300x225.jpeg 300w, https:\/\/kuzeypergola.com\/wp-content\/uploads\/2023\/11\/acilir-kapanir-pergola-1-768x576.jpeg 768w\" sizes=\"(max-width: 1024px) 100vw, 1024px\" \/>\t                <\/li>\n\t                            \n            <\/ul>\n        <\/div>\n\n        <div id=\"wprt-carousel\" class=\"flexslider\">\n            <ul class=\"slides\">\n            \t                \t<li><img loading=\"lazy\" decoding=\"async\" width=\"1024\" height=\"768\" src=\"https:\/\/kuzeypergola.com\/wp-content\/uploads\/2023\/11\/WhatsApp-Image-2023-11-06-at-11.55.42.jpeg\" class=\"img-responsive\" alt=\"\" srcset=\"https:\/\/kuzeypergola.com\/wp-content\/uploads\/2023\/11\/WhatsApp-Image-2023-11-06-at-11.55.42.jpeg 1024w, https:\/\/kuzeypergola.com\/wp-content\/uploads\/2023\/11\/WhatsApp-Image-2023-11-06-at-11.55.42-300x225.jpeg 300w, https:\/\/kuzeypergola.com\/wp-content\/uploads\/2023\/11\/WhatsApp-Image-2023-11-06-at-11.55.42-768x576.jpeg 768w\" sizes=\"(max-width: 1024px) 100vw, 1024px\" \/><\/li>\n                                \t<li><img loading=\"lazy\" decoding=\"async\" width=\"1024\" height=\"768\" src=\"https:\/\/kuzeypergola.com\/wp-content\/uploads\/2023\/11\/WhatsApp-Image-2023-11-06-at-11.55.42-8.jpeg\" class=\"img-responsive\" alt=\"\" srcset=\"https:\/\/kuzeypergola.com\/wp-content\/uploads\/2023\/11\/WhatsApp-Image-2023-11-06-at-11.55.42-8.jpeg 1024w, https:\/\/kuzeypergola.com\/wp-content\/uploads\/2023\/11\/WhatsApp-Image-2023-11-06-at-11.55.42-8-300x225.jpeg 300w, https:\/\/kuzeypergola.com\/wp-content\/uploads\/2023\/11\/WhatsApp-Image-2023-11-06-at-11.55.42-8-768x576.jpeg 768w\" sizes=\"(max-width: 1024px) 100vw, 1024px\" \/><\/li>\n                                \t<li><img loading=\"lazy\" decoding=\"async\" width=\"1024\" height=\"768\" src=\"https:\/\/kuzeypergola.com\/wp-content\/uploads\/2023\/11\/WhatsApp-Image-2023-11-06-at-11.55.42-4.jpeg\" class=\"img-responsive\" alt=\"\" srcset=\"https:\/\/kuzeypergola.com\/wp-content\/uploads\/2023\/11\/WhatsApp-Image-2023-11-06-at-11.55.42-4.jpeg 1024w, https:\/\/kuzeypergola.com\/wp-content\/uploads\/2023\/11\/WhatsApp-Image-2023-11-06-at-11.55.42-4-300x225.jpeg 300w, https:\/\/kuzeypergola.com\/wp-content\/uploads\/2023\/11\/WhatsApp-Image-2023-11-06-at-11.55.42-4-768x576.jpeg 768w\" sizes=\"(max-width: 1024px) 100vw, 1024px\" \/><\/li>\n                                \t<li><img loading=\"lazy\" decoding=\"async\" width=\"1024\" height=\"768\" src=\"https:\/\/kuzeypergola.com\/wp-content\/uploads\/2023\/11\/acilir-kapanir-pergola-1.jpeg\" class=\"img-responsive\" alt=\"\" srcset=\"https:\/\/kuzeypergola.com\/wp-content\/uploads\/2023\/11\/acilir-kapanir-pergola-1.jpeg 1024w, https:\/\/kuzeypergola.com\/wp-content\/uploads\/2023\/11\/acilir-kapanir-pergola-1-300x225.jpeg 300w, https:\/\/kuzeypergola.com\/wp-content\/uploads\/2023\/11\/acilir-kapanir-pergola-1-768x576.jpeg 768w\" sizes=\"(max-width: 1024px) 100vw, 1024px\" \/><\/li>\n                            <\/ul>\n        <\/div>\n    <\/div>\t\n\n[\/vc_column][\/vc_row][vc_row parallax_bg=&#8221;true&#8221; css=&#8221;.vc_custom_1699735344027{padding-top: 120px !important;padding-bottom: 120px !important;background-image: url(http:\/\/kuzeypergola.com\/wp-content\/uploads\/2023\/11\/1-1.png?id=999) !important;background-position: 0 0 !important;background-repeat: no-repeat !important;}&#8221;][vc_column][vc_column_text css=&#8221;.vc_custom_1699693978727{margin-bottom: 0px !important;}&#8221;]<\/p>\n<h3 class=\"text-center text-white font-family-heading font-size-30 margin-bottom-30\" style=\"text-align: center;\">YILLARDIR DE\u011e\u0130\u015eMEYEN KAL\u0130TE VE PROFESYONELL\u0130K<\/h3>\n<p style=\"text-align: center;\"><a class=\"wprt-button rounded-3px\" href=\"#\">\u0130LET\u0130\u015e\u0130ME GE\u00c7<\/a><\/p>\n<p>[\/vc_column_text][\/vc_column][\/vc_row]<\/p>\n<\/div>","protected":false},"excerpt":{"rendered":"<p>[vc_row css=&#8221;.vc_custom_1497416090331{padding-top: 80px !important;padding-bottom: 80px !important;}&#8221;][vc_column offset=&#8221;vc_col-md-6&#8243;][vc_column_text css=&#8221;.vc_custom_1699690511085{margin-top: 25px !important;margin-bottom: 25px !important;}&#8221;]Kuzey Pergola, d\u0131\u015f mekan ya\u015fam\u0131n\u0131z\u0131 d\u00f6n\u00fc\u015ft\u00fcrerek, estetik ve fonksiyonu bir araya getiren \u00e7\u00f6z\u00fcmler sunmay\u0131 vizyon edinmi\u015ftir. Mekanlar\u0131n\u0131zda yarat\u0131c\u0131 tasar\u0131mlar ve kaliteli malzeme kullan\u0131m\u0131 ile \u00f6ne \u00e7\u0131karak, m\u00fc\u015fterilerimize benzersiz bir deneyim sunmak hedefimizdir. Vizyonumuz, d\u0131\u015f mekanlar\u0131n\u0131z\u0131 sadece bir alan de\u011fil, ayn\u0131 zamanda duygu ve anlam [&hellip;]<\/p>\n","protected":false},"author":1,"featured_media":0,"parent":0,"menu_order":0,"comment_status":"closed","ping_status":"closed","template":"page-templates\/template-fullwidth.php","meta":{"om_disable_all_campaigns":false,"_mi_skip_tracking":false,"_monsterinsights_sitenote_active":false,"_monsterinsights_sitenote_note":"","_monsterinsights_sitenote_category":0,"footnotes":""},"aioseo_notices":[],"_links":{"self":[{"href":"https:\/\/kuzeypergola.com\/index.php\/wp-json\/wp\/v2\/pages\/657"}],"collection":[{"href":"https:\/\/kuzeypergola.com\/index.php\/wp-json\/wp\/v2\/pages"}],"about":[{"href":"https:\/\/kuzeypergola.com\/index.php\/wp-json\/wp\/v2\/types\/page"}],"author":[{"embeddable":true,"href":"https:\/\/kuzeypergola.com\/index.php\/wp-json\/wp\/v2\/users\/1"}],"replies":[{"embeddable":true,"href":"https:\/\/kuzeypergola.com\/index.php\/wp-json\/wp\/v2\/comments?post=657"}],"version-history":[{"count":8,"href":"https:\/\/kuzeypergola.com\/index.php\/wp-json\/wp\/v2\/pages\/657\/revisions"}],"predecessor-version":[{"id":1095,"href":"https:\/\/kuzeypergola.com\/index.php\/wp-json\/wp\/v2\/pages\/657\/revisions\/1095"}],"wp:attachment":[{"href":"https:\/\/kuzeypergola.com\/index.php\/wp-json\/wp\/v2\/media?parent=657"}],"curies":[{"name":"wp","href":"https:\/\/api.w.org\/{rel}","templated":true}]}}