{"id":84,"date":"2017-06-09T04:11:57","date_gmt":"2017-06-09T04:11:57","guid":{"rendered":"http:\/\/localhost\/construct\/?page_id=84"},"modified":"2024-11-20T08:27:35","modified_gmt":"2024-11-20T08:27:35","slug":"contact-us","status":"publish","type":"page","link":"https:\/\/kuzeypergola.com\/index.php\/contact-us\/","title":{"rendered":"\u0130LET\u0130\u015e\u0130M"},"content":{"rendered":"<div class=\"wpb-content-wrapper\"><p>[vc_row css=&#8221;.vc_custom_1496982231607{padding-top: 80px !important;padding-bottom: 50px !important;}&#8221;][vc_column width=&#8221;1\/2&#8243;][vc_gmaps link=&#8221;#E-8_JTNDaWZyYW1lJTIwc3JjJTNEJTIyaHR0cHMlM0ElMkYlMkZ3d3cuZ29vZ2xlLmNvbSUyRm1hcHMlMkZlbWJlZCUzRnBiJTNEJTIxMW0xNCUyMTFtOCUyMTFtMyUyMTFkNjMyLjkxMDM1MjAzNjk1OSUyMTJkMjguODU1MjUyMDAxODU3MjYlMjEzZDQxLjAxMTEyMTMzMTg5ODk1JTIxM20yJTIxMWkxMDI0JTIxMmk3NjglMjE0ZjEzLjElMjEzbTMlMjExbTIlMjExczB4MTRjYWE1YmQ4YWZjMjZkZCUyNTNBMHg3NGRiZjlmODRiZTdlNzRlJTIxMnNLdXpleSUyNTIwUGVyZ29sYSUyMTVlMCUyMTNtMiUyMTFzdHIlMjEyc3RyJTIxNHYxNzAxNjgwNjg2ODQ0JTIxNW0yJTIxMXN0ciUyMTJzdHIlMjIlMjB3aWR0aCUzRCUyMjYwMCUyMiUyMGhlaWdodCUzRCUyMjQ1MCUyMiUyMHN0eWxlJTNEJTIyYm9yZGVyJTNBMCUzQiUyMiUyMGFsbG93ZnVsbHNjcmVlbiUzRCUyMiUyMiUyMGxvYWRpbmclM0QlMjJsYXp5JTIyJTIwcmVmZXJyZXJwb2xpY3klM0QlMjJuby1yZWZlcnJlci13aGVuLWRvd25ncmFkZSUyMiUzRSUzQyUyRmlmcmFtZSUzRQ==&#8221; css=&#8221;.vc_custom_1701680717118{margin-bottom: 0px !important;}&#8221;][vc_empty_space][vc_custom_heading text=&#8221;B\u0130Z\u0130MLE \u0130LET\u0130\u015e\u0130ME GE\u00c7\u0130N&#8221; font_container=&#8221;tag:h4|text_align:left&#8221; use_theme_fonts=&#8221;yes&#8221; css=&#8221;.vc_custom_1699694429766{margin-bottom: 15px !important;}&#8221;][vc_column_text el_class=&#8221;wprt-information&#8221;]<strong><br \/>\nAdres:<\/strong> Maltepe Mah. Hastane Yolu Sk. No:4 Zeytinburnu \/\u0130STANBUL<\/p>\n<p><strong>Telefon:<\/strong> +90 554 346 96 61<\/p>\n<p><strong>E-posta:<\/strong> info@kuzeypergola.com[\/vc_column_text][\/vc_column][vc_column width=&#8221;1\/2&#8243;]<div class=\"wpforms-container wpforms-container-full wpforms-render-modern\" id=\"wpforms-1108\"><form id=\"wpforms-form-1108\" class=\"wpforms-validate wpforms-form wpforms-ajax-form\" data-formid=\"1108\" method=\"post\" enctype=\"multipart\/form-data\" action=\"\/index.php\/wp-json\/wp\/v2\/pages\/84\" data-token=\"640cbbbee27670b5f488d11485b59349\"><noscript class=\"wpforms-error-noscript\">Bu formu bitirebilmek i\u00e7in taray\u0131c\u0131n\u0131zda JavaScript&#039;i etkinle\u015ftirin.<\/noscript><div class=\"wpforms-hidden\" id=\"wpforms-error-noscript\">Bu formu bitirebilmek i\u00e7in taray\u0131c\u0131n\u0131zda JavaScript&#039;i etkinle\u015ftirin.<\/div><div class=\"wpforms-field-container\"><div id=\"wpforms-1108-field_0-container\" class=\"wpforms-field wpforms-field-name\" data-field-id=\"0\"><fieldset><legend class=\"wpforms-field-label\">Ad\u0131 Soyad\u0131 <span class=\"wpforms-required-label\" aria-hidden=\"true\">*<\/span><\/legend><div class=\"wpforms-field-row wpforms-field-medium\"><div class=\"wpforms-field-row-block wpforms-first wpforms-one-half\"><input type=\"text\" id=\"wpforms-1108-field_0\" class=\"wpforms-field-name-first wpforms-field-required\" name=\"wpforms[fields][0][first]\" aria-errormessage=\"wpforms-1108-field_0-error\" required><label for=\"wpforms-1108-field_0\" class=\"wpforms-field-sublabel after \">Ad<\/label><\/div><div class=\"wpforms-field-row-block wpforms-one-half\"><input type=\"text\" id=\"wpforms-1108-field_0-last\" class=\"wpforms-field-name-last wpforms-field-required\" name=\"wpforms[fields][0][last]\" aria-errormessage=\"wpforms-1108-field_0-last-error\" required><label for=\"wpforms-1108-field_0-last\" class=\"wpforms-field-sublabel after \">Soyad<\/label><\/div><\/div><\/fieldset><\/div><div id=\"wpforms-1108-field_1-container\" class=\"wpforms-field wpforms-field-email\" data-field-id=\"1\"><label class=\"wpforms-field-label\" for=\"wpforms-1108-field_1\">E-posta <span class=\"wpforms-required-label\" aria-hidden=\"true\">*<\/span><\/label><input type=\"email\" id=\"wpforms-1108-field_1\" class=\"wpforms-field-medium wpforms-field-required\" name=\"wpforms[fields][1]\" spellcheck=\"false\" aria-errormessage=\"wpforms-1108-field_1-error\" required><\/div><div id=\"wpforms-1108-field_5-container\" class=\"wpforms-field wpforms-field-text\" data-field-id=\"5\"><label class=\"wpforms-field-label\" for=\"wpforms-1108-field_5\">Telefon <span class=\"wpforms-required-label\" aria-hidden=\"true\">*<\/span><\/label><input type=\"text\" id=\"wpforms-1108-field_5\" class=\"wpforms-field-medium wpforms-field-required\" name=\"wpforms[fields][5]\" aria-errormessage=\"wpforms-1108-field_5-error\" required><\/div><div id=\"wpforms-1108-field_2-container\" class=\"wpforms-field wpforms-field-textarea\" data-field-id=\"2\"><label class=\"wpforms-field-label\" for=\"wpforms-1108-field_2\">Yorum veya Mesaj<\/label><textarea id=\"wpforms-1108-field_2\" class=\"wpforms-field-medium\" name=\"wpforms[fields][2]\" aria-errormessage=\"wpforms-1108-field_2-error\" ><\/textarea><\/div><\/div><!-- .wpforms-field-container --><div class=\"wpforms-submit-container\" ><input type=\"hidden\" name=\"wpforms[id]\" value=\"1108\"><input type=\"hidden\" name=\"wpforms[author]\" value=\"1\"><button type=\"submit\" name=\"wpforms[submit]\" id=\"wpforms-submit-1108\" class=\"wpforms-submit\" data-alt-text=\"G\u00f6nderiliyor...\" data-submit-text=\"G\u00f6nder\" aria-live=\"assertive\" value=\"wpforms-submit\">G\u00f6nder<\/button><img loading=\"lazy\" decoding=\"async\" src=\"https:\/\/kuzeypergola.com\/wp-content\/plugins\/wpforms-lite\/assets\/images\/submit-spin.svg\" class=\"wpforms-submit-spinner\" style=\"display: none;\" width=\"26\" height=\"26\" alt=\"Y\u00fckleniyor\"><\/div><\/form><\/div>  <!-- .wpforms-container -->[\/vc_column][\/vc_row]<\/p>\n<\/div>","protected":false},"excerpt":{"rendered":"<p>[vc_row css=&#8221;.vc_custom_1496982231607{padding-top: 80px !important;padding-bottom: 50px !important;}&#8221;][vc_column width=&#8221;1\/2&#8243;][vc_gmaps link=&#8221;#E-8_JTNDaWZyYW1lJTIwc3JjJTNEJTIyaHR0cHMlM0ElMkYlMkZ3d3cuZ29vZ2xlLmNvbSUyRm1hcHMlMkZlbWJlZCUzRnBiJTNEJTIxMW0xNCUyMTFtOCUyMTFtMyUyMTFkNjMyLjkxMDM1MjAzNjk1OSUyMTJkMjguODU1MjUyMDAxODU3MjYlMjEzZDQxLjAxMTEyMTMzMTg5ODk1JTIxM20yJTIxMWkxMDI0JTIxMmk3NjglMjE0ZjEzLjElMjEzbTMlMjExbTIlMjExczB4MTRjYWE1YmQ4YWZjMjZkZCUyNTNBMHg3NGRiZjlmODRiZTdlNzRlJTIxMnNLdXpleSUyNTIwUGVyZ29sYSUyMTVlMCUyMTNtMiUyMTFzdHIlMjEyc3RyJTIxNHYxNzAxNjgwNjg2ODQ0JTIxNW0yJTIxMXN0ciUyMTJzdHIlMjIlMjB3aWR0aCUzRCUyMjYwMCUyMiUyMGhlaWdodCUzRCUyMjQ1MCUyMiUyMHN0eWxlJTNEJTIyYm9yZGVyJTNBMCUzQiUyMiUyMGFsbG93ZnVsbHNjcmVlbiUzRCUyMiUyMiUyMGxvYWRpbmclM0QlMjJsYXp5JTIyJTIwcmVmZXJyZXJwb2xpY3klM0QlMjJuby1yZWZlcnJlci13aGVuLWRvd25ncmFkZSUyMiUzRSUzQyUyRmlmcmFtZSUzRQ==&#8221; css=&#8221;.vc_custom_1701680717118{margin-bottom: 0px !important;}&#8221;][vc_empty_space][vc_custom_heading text=&#8221;B\u0130Z\u0130MLE \u0130LET\u0130\u015e\u0130ME GE\u00c7\u0130N&#8221; font_container=&#8221;tag:h4|text_align:left&#8221; use_theme_fonts=&#8221;yes&#8221; css=&#8221;.vc_custom_1699694429766{margin-bottom: 15px !important;}&#8221;][vc_column_text el_class=&#8221;wprt-information&#8221;] Adres: Maltepe Mah. Hastane Yolu Sk. No:4 Zeytinburnu \/\u0130STANBUL Telefon: +90 554 346 96 61 E-posta: info@kuzeypergola.com[\/vc_column_text][\/vc_column][vc_column width=&#8221;1\/2&#8243;][\/vc_column][\/vc_row]<\/p>\n","protected":false},"author":1,"featured_media":0,"parent":0,"menu_order":0,"comment_status":"closed","ping_status":"closed","template":"page-templates\/template-fullwidth.php","meta":{"om_disable_all_campaigns":false,"_mi_skip_tracking":false,"_monsterinsights_sitenote_active":false,"_monsterinsights_sitenote_note":"","_monsterinsights_sitenote_category":0,"footnotes":""},"aioseo_notices":[],"_links":{"self":[{"href":"https:\/\/kuzeypergola.com\/index.php\/wp-json\/wp\/v2\/pages\/84"}],"collection":[{"href":"https:\/\/kuzeypergola.com\/index.php\/wp-json\/wp\/v2\/pages"}],"about":[{"href":"https:\/\/kuzeypergola.com\/index.php\/wp-json\/wp\/v2\/types\/page"}],"author":[{"embeddable":true,"href":"https:\/\/kuzeypergola.com\/index.php\/wp-json\/wp\/v2\/users\/1"}],"replies":[{"embeddable":true,"href":"https:\/\/kuzeypergola.com\/index.php\/wp-json\/wp\/v2\/comments?post=84"}],"version-history":[{"count":13,"href":"https:\/\/kuzeypergola.com\/index.php\/wp-json\/wp\/v2\/pages\/84\/revisions"}],"predecessor-version":[{"id":1183,"href":"https:\/\/kuzeypergola.com\/index.php\/wp-json\/wp\/v2\/pages\/84\/revisions\/1183"}],"wp:attachment":[{"href":"https:\/\/kuzeypergola.com\/index.php\/wp-json\/wp\/v2\/media?parent=84"}],"curies":[{"name":"wp","href":"https:\/\/api.w.org\/{rel}","templated":true}]}}